{"id":1599,"date":"2025-12-18T15:46:27","date_gmt":"2025-12-18T14:46:27","guid":{"rendered":"http:\/\/192.168.1.121\/divinuscatering\/privacy-policy\/"},"modified":"2026-01-26T14:25:22","modified_gmt":"2026-01-26T13:25:22","slug":"privacy-policy","status":"publish","type":"page","link":"https:\/\/www.divinuscatering.es\/fr\/privacy-policy\/","title":{"rendered":"Politique de confidentialit\u00e9"},"content":{"rendered":"\t\t<div data-elementor-type=\"wp-page\" data-elementor-id=\"1599\" class=\"elementor elementor-1599 elementor-1353\" data-elementor-post-type=\"page\">\n\t\t\t\t<div class=\"elementor-element elementor-element-4764a19 e-flex e-con-boxed e-con e-parent\" data-id=\"4764a19\" data-element_type=\"container\" data-e-type=\"container\">\n\t\t\t\t\t<div class=\"e-con-inner\">\n\t\t\t\t<div class=\"elementor-element elementor-element-176330b elementor-widget elementor-widget-text-editor\" data-id=\"176330b\" data-element_type=\"widget\" data-e-type=\"widget\" data-widget_type=\"text-editor.default\">\n\t\t\t\t\t\t\t\t\t<h1 class=\"text-center \">Politique de protection des donn\u00e9es et des cookies<\/h1><div class=\"content-section col-12 col-sm-12 col-md-12 col-lg-12\"><div class=\"row d-block\"><p>Si vous nous fournissez des informations \u00e0 caract\u00e8re personnel via divinuscatering.es (ci-apr\u00e8s, le \u00ab Site Web \u00bb), Divinus Catering (ci-apr\u00e8s, \u00ab l\u2019Entreprise \u00bb) respecte votre vie priv\u00e9e et les droits qui vous sont reconnus par la r\u00e9glementation en mati\u00e8re de protection des donn\u00e9es \u00e0 caract\u00e8re personnel. Votre visite du Site Web est soumise \u00e0 la pr\u00e9sente Politique de traitement des donn\u00e9es personnelles. <\/p><p>L\u2019entreprise ne communiquera pas vos informations personnelles \u00e0 des tiers, sauf dans les conditions pr\u00e9vues par la pr\u00e9sente Politique de confidentialit\u00e9 et de traitement des donn\u00e9es ou dans les mentions pr\u00e9vues pour chaque cas dans lequel vos donn\u00e9es personnelles sont collect\u00e9es.<\/p><p>L\u2019entreprise peut divulguer toute information, y compris des donn\u00e9es \u00e0 caract\u00e8re personnel, qu\u2019elle estime n\u00e9cessaire afin de se conformer aux obligations l\u00e9gales.<\/p><h2>1. Collecte et utilisation des informations<\/h2><p>En nous fournissant vos donn\u00e9es personnelles sur le Site Web, vous exprimez votre consentement au traitement et \u00e0 la communication de vos donn\u00e9es personnelles de la mani\u00e8re pr\u00e9vue dans la pr\u00e9sente Politique de traitement des donn\u00e9es personnelles. Si vous pr\u00e9f\u00e9rez que l\u2019entreprise ne collecte pas d\u2019informations personnelles vous concernant, nous vous prions de ne pas nous les communiquer. <\/p><p>L\u2019entreprise peut utiliser les informations personnelles que vous fournissez de mani\u00e8re dissoci\u00e9e (sans identification personnelle) \u00e0 des fins internes, telles que l\u2019\u00e9laboration de statistiques. Ainsi, l\u2019entreprise peut collecter, stocker ou accumuler certaines informations non personnelles relatives \u00e0 votre utilisation du Site Web, par exemple celles indiquant quelles pages de notre site sont les plus consult\u00e9es. <\/p><h2>2. Tiers<\/h2><p>L\u2019entreprise peut faire appel \u00e0 des tiers pour exercer, en son nom, certaines fonctions li\u00e9es aux finalit\u00e9s pour lesquelles vos donn\u00e9es personnelles peuvent \u00eatre collect\u00e9es, telles que l\u2019analyse des informations fournies, l\u2019h\u00e9bergement de sites web ou la fourniture de services logistiques int\u00e9gr\u00e9s. Ces tiers peuvent avoir acc\u00e8s aux donn\u00e9es personnelles n\u00e9cessaires \u00e0 l\u2019exercice de leurs fonctions ; toutefois, ils ne pourront pas utiliser ces informations \u00e0 d\u2019autres fins, et nos relations avec ces tiers seront encadr\u00e9es conform\u00e9ment aux exigences de la r\u00e9glementation applicable en mati\u00e8re de protection des donn\u00e9es \u00e0 caract\u00e8re personnel. <\/p><h2>3. Liens<\/h2><p>Le Site Web peut contenir des liens vers ou depuis d\u2019autres sites web. Vous devez savoir que l\u2019entreprise n\u2019est pas responsable des pratiques suivies par d\u2019autres sites web en mati\u00e8re de traitement des donn\u00e9es personnelles. La pr\u00e9sente Politique de traitement des donn\u00e9es personnelles s\u2019applique uniquement aux informations que nous collectons sur le Site Web. Nous vous conseillons de lire les politiques de traitement des donn\u00e9es personnelles des autres sites web vers lesquels vous acc\u00e9dez depuis notre Site Web ou que vous visitez de toute autre mani\u00e8re.  <\/p><h2>4. S\u00e9curit\u00e9<\/h2><p>L\u2019entreprise a mis en place diverses mesures afin de prot\u00e9ger la s\u00e9curit\u00e9 de vos informations personnelles, tant \u00ab en ligne \u00bb que \u00ab hors ligne \u00bb.<\/p><h2>5. Notification des modifications<\/h2><p>La pr\u00e9sente Politique de traitement des donn\u00e9es personnelles peut \u00eatre modifi\u00e9e par l\u2019entreprise \u00e0 tout moment et sera consid\u00e9r\u00e9e comme en vigueur \u00e0 compter de ce moment. Dans ce cas, la politique r\u00e9vis\u00e9e sera publi\u00e9e sur le Site Web et, si vous \u00eates un utilisateur enregistr\u00e9, elle vous sera envoy\u00e9e par courrier \u00e9lectronique. SI VOUS \u00caTES UN UTILISATEUR ENREGISTR\u00c9 ET QUE VOUS NE R\u00c9PONDEZ PAS AU COURRIEL SUSMENTIONN\u00c9 DANS UN D\u00c9LAI DE TRENTE (30) JOURS, VOTRE SILENCE SERA CONSID\u00c9R\u00c9 COMME UNE ACCEPTATION DE LA NOUVELLE POLITIQUE DE TRAITEMENT DES DONN\u00c9ES PERSONNELLES.  <\/p><h2>6. Droits d\u2019acc\u00e8s, de rectification, d\u2019annulation et d\u2019opposition<\/h2><p>L\u2019entreprise peut faire appel \u00e0 des tiers pour exercer, en son nom, certaines fonctions li\u00e9es aux finalit\u00e9s pour lesquelles vos donn\u00e9es personnelles peuvent \u00eatre collect\u00e9es, telles que l\u2019analyse des informations fournies, l\u2019h\u00e9bergement de sites web ou la fourniture de services logistiques int\u00e9gr\u00e9s. Ces tiers peuvent avoir acc\u00e8s aux donn\u00e9es personnelles n\u00e9cessaires \u00e0 l\u2019exercice de leurs fonctions ; toutefois, ils ne pourront pas utiliser ces informations \u00e0 d\u2019autres fins, et nos relations avec ces tiers seront encadr\u00e9es conform\u00e9ment aux exigences de la r\u00e9glementation applicable en mati\u00e8re de protection des donn\u00e9es \u00e0 caract\u00e8re personnel.<\/p><\/div><\/div>\t\t\t\t\t\t\t\t<\/div>\n\t\t\t\t\t<\/div>\n\t\t\t\t<\/div>\n\t\t\t\t<\/div>\n\t\t","protected":false},"excerpt":{"rendered":"<p>Politique de protection des donn\u00e9es et des cookies Si vous nous fournissez des informations \u00e0 caract\u00e8re personnel via divinuscatering.es (ci-apr\u00e8s, le \u00ab Site Web \u00bb), Divinus Catering (ci-apr\u00e8s, \u00ab l\u2019Entreprise \u00bb) respecte votre vie priv\u00e9e et les droits qui vous sont reconnus par la r\u00e9glementation en mati\u00e8re de protection des donn\u00e9es \u00e0 caract\u00e8re personnel. Votre [&hellip;]<\/p>\n","protected":false},"author":1,"featured_media":0,"parent":0,"menu_order":0,"comment_status":"closed","ping_status":"closed","template":"","meta":{"footnotes":""},"class_list":["post-1599","page","type-page","status-publish","hentry"],"_links":{"self":[{"href":"https:\/\/www.divinuscatering.es\/fr\/wp-json\/wp\/v2\/pages\/1599","targetHints":{"allow":["GET"]}}],"collection":[{"href":"https:\/\/www.divinuscatering.es\/fr\/wp-json\/wp\/v2\/pages"}],"about":[{"href":"https:\/\/www.divinuscatering.es\/fr\/wp-json\/wp\/v2\/types\/page"}],"author":[{"embeddable":true,"href":"https:\/\/www.divinuscatering.es\/fr\/wp-json\/wp\/v2\/users\/1"}],"replies":[{"embeddable":true,"href":"https:\/\/www.divinuscatering.es\/fr\/wp-json\/wp\/v2\/comments?post=1599"}],"version-history":[{"count":3,"href":"https:\/\/www.divinuscatering.es\/fr\/wp-json\/wp\/v2\/pages\/1599\/revisions"}],"predecessor-version":[{"id":1604,"href":"https:\/\/www.divinuscatering.es\/fr\/wp-json\/wp\/v2\/pages\/1599\/revisions\/1604"}],"wp:attachment":[{"href":"https:\/\/www.divinuscatering.es\/fr\/wp-json\/wp\/v2\/media?parent=1599"}],"curies":[{"name":"wp","href":"https:\/\/api.w.org\/{rel}","templated":true}]}}